{"id":48,"date":"2023-05-16T07:24:01","date_gmt":"2023-05-16T07:24:01","guid":{"rendered":"https:\/\/ecometric.pl\/?page_id=48"},"modified":"2024-05-27T13:16:06","modified_gmt":"2024-05-27T13:16:06","slug":"o-nas","status":"publish","type":"page","link":"https:\/\/ecometric.pl\/en\/o-nas\/","title":{"rendered":"O nas"},"content":{"rendered":"\t\t<div data-elementor-type=\"wp-page\" data-elementor-id=\"48\" class=\"elementor elementor-48\" data-elementor-post-type=\"page\">\n\t\t\t\t\t\t<section class=\"elementor-section elementor-top-section elementor-element elementor-element-67a021a elementor-section-boxed elementor-section-height-default elementor-section-height-default\" data-id=\"67a021a\" data-element_type=\"section\" data-e-type=\"section\" data-settings=\"{&quot;background_background&quot;:&quot;classic&quot;,&quot;background_motion_fx_motion_fx_scrolling&quot;:&quot;yes&quot;,&quot;background_motion_fx_devices&quot;:[&quot;desktop&quot;,&quot;tablet&quot;,&quot;mobile&quot;]}\">\n\t\t\t\t\t\t<div class=\"elementor-container elementor-column-gap-default\">\n\t\t\t\t\t<div class=\"elementor-column elementor-col-50 elementor-top-column elementor-element elementor-element-ed2d1e0\" data-id=\"ed2d1e0\" data-element_type=\"column\" data-e-type=\"column\">\n\t\t\t<div class=\"elementor-widget-wrap elementor-element-populated\">\n\t\t\t\t\t\t<div class=\"elementor-element elementor-element-6fc4c9c elementor-invisible elementor-widget elementor-widget-heading\" data-id=\"6fc4c9c\" data-element_type=\"widget\" data-e-type=\"widget\" data-settings=\"{&quot;_animation&quot;:&quot;fadeInRight&quot;}\" data-widget_type=\"heading.default\">\n\t\t\t\t<div class=\"elementor-widget-container\">\n\t\t\t\t\t<h1 class=\"elementor-heading-title elementor-size-default\">O nAS<\/h1>\t\t\t\t<\/div>\n\t\t\t\t<\/div>\n\t\t\t\t<div class=\"elementor-element elementor-element-2b72ff5 elementor-widget elementor-widget-heading\" data-id=\"2b72ff5\" data-element_type=\"widget\" data-e-type=\"widget\" data-widget_type=\"heading.default\">\n\t\t\t\t<div class=\"elementor-widget-container\">\n\t\t\t\t\t<h2 class=\"elementor-heading-title elementor-size-default\">Ochrona \u015brodowiska to nasz konik \u2013 pocz\u0105wszy od aspekt\u00f3w prawnych, po kwestie przyrodnicze i in\u017cynieryjne.<\/h2>\t\t\t\t<\/div>\n\t\t\t\t<\/div>\n\t\t\t\t<div class=\"elementor-element elementor-element-7a14825 elementor-widget elementor-widget-image\" data-id=\"7a14825\" data-element_type=\"widget\" data-e-type=\"widget\" data-widget_type=\"image.default\">\n\t\t\t\t<div class=\"elementor-widget-container\">\n\t\t\t\t\t\t\t\t\t\t\t\t\t\t\t<img fetchpriority=\"high\" decoding=\"async\" width=\"1920\" height=\"1280\" src=\"https:\/\/ecometric.pl\/wp-content\/uploads\/Ecometric-opracowania-srodowiskowe-12.jpg\" class=\"attachment-full size-full wp-image-193\" alt=\"\" srcset=\"https:\/\/ecometric.pl\/wp-content\/uploads\/Ecometric-opracowania-srodowiskowe-12.jpg 1920w, https:\/\/ecometric.pl\/wp-content\/uploads\/Ecometric-opracowania-srodowiskowe-12-500x333.jpg 500w, https:\/\/ecometric.pl\/wp-content\/uploads\/Ecometric-opracowania-srodowiskowe-12-1024x683.jpg 1024w, https:\/\/ecometric.pl\/wp-content\/uploads\/Ecometric-opracowania-srodowiskowe-12-300x200.jpg 300w, https:\/\/ecometric.pl\/wp-content\/uploads\/Ecometric-opracowania-srodowiskowe-12-768x512.jpg 768w, https:\/\/ecometric.pl\/wp-content\/uploads\/Ecometric-opracowania-srodowiskowe-12-1536x1024.jpg 1536w, https:\/\/ecometric.pl\/wp-content\/uploads\/Ecometric-opracowania-srodowiskowe-12-18x12.jpg 18w\" sizes=\"(max-width: 1920px) 100vw, 1920px\" \/>\t\t\t\t\t\t\t\t\t\t\t\t\t\t\t<\/div>\n\t\t\t\t<\/div>\n\t\t\t\t\t<\/div>\n\t\t<\/div>\n\t\t\t\t<div class=\"elementor-column elementor-col-50 elementor-top-column elementor-element elementor-element-fb79bef\" data-id=\"fb79bef\" data-element_type=\"column\" data-e-type=\"column\">\n\t\t\t<div class=\"elementor-widget-wrap elementor-element-populated\">\n\t\t\t\t\t\t<div class=\"elementor-element elementor-element-43fb1f6 elementor-icon-list--layout-traditional elementor-list-item-link-full_width elementor-widget elementor-widget-icon-list\" data-id=\"43fb1f6\" data-element_type=\"widget\" data-e-type=\"widget\" data-widget_type=\"icon-list.default\">\n\t\t\t\t<div class=\"elementor-widget-container\">\n\t\t\t\t\t\t\t<ul class=\"elementor-icon-list-items\">\n\t\t\t\t\t\t\t<li class=\"elementor-icon-list-item\">\n\t\t\t\t\t\t\t\t\t\t\t<span class=\"elementor-icon-list-icon\">\n\t\t\t\t\t\t\t<svg xmlns=\"http:\/\/www.w3.org\/2000\/svg\" id=\"Warstwa_1\" viewBox=\"0 0 500 500\"><defs><style>.cls-1{fill:#fff;}.cls-2{fill:#bcdaf3;}.cls-3{fill:#7dbeea;}.cls-4{fill:#5baf43;}.cls-5{fill:#b4ddf6;}.cls-6{fill:#8cbf4d;}<\/style><\/defs><path class=\"cls-6\" d=\"m10.4,247.4c0,132.3,107.3,239.6,239.6,239.6s239.6-107.3,239.6-239.6S382.3,7.7,250,7.7,10.4,115,10.4,247.4\"><\/path><path class=\"cls-5\" d=\"m255.9,492.3c13.3,0,18.3,1.3,40.3-4.7,14.6-4,29.7-13.3,41.7-27.3,28.8-33.7,40.1-71,30-114.4-5.8-25.2-19.1-46.2-38.5-62.9-18.9-16.3-41-25.4-66-27.5-15.1-1.3-30.4-2.2-45-6.8-17.8-5.6-33.7-14.6-47.5-27.1-17.5-16-30.2-35.3-37-58-11.8-39.3-5.3-75.6,14.2-111.7,7.3-13.5,10.4-22.1,21-34.6C73.2,49.8,12.9,142.5,12.9,249.3c0,134.2,108.8,243,243,243\"><\/path><path class=\"cls-3\" d=\"m151.9,32c-4.5,2.4-11,5.7-18.9,10.5-11.1,7-22.5,11.3-32.2,20.1-6.4,5.8-15.6,13.4-21.2,19.9-14.1,16.6-29.8,31.4-41.8,59.7-.1.2-10.4,19.7-10.5,19.9-14.2,35.8-18.7,70.9-16,109.4,7.8,82.8,65.8,173.7,134.5,194.1,6.5,1.9,11.6,8.2,18.2,7.8,3.2-.2,6.2,1.4,9.1,2.6,28.9,11.7,41.3,11.1,62.1,14.1,4.7.7,19.5.9,25.6,1,.9,0,1.8,0,2.6-.1-5-4.6-220.2-206-168.2-370.4,15.4-48.2,52.7-83,56.7-88.6\"><\/path><path class=\"cls-2\" d=\"m263.6,491c-.9,0-1.8,0-2.6.1,1.6,0,2.7,0,2.6-.1.1.1,0,.1,0,0M100.9,62.7c9.6-8.9,21.1-13.2,32.2-20.2\"><\/path><path class=\"cls-4\" d=\"m263.3,9.6c-22.3,0-79.6-3.3-109.4,13.3,0,0,297.1,82.6,277.5,278.8-1.4,14.4-40.9,140.5-89.8,165.9-.3.2-18.4,8.4-18.7,8.5,9.1-1.3,37.7-14.7,46.3-20.1,13.6-8.5,29.7-17.2,45.2-30.5,29.4-25.4,52.8-58.8,66.6-99.5,2.9-8.9,5.3-18.2,7.2-28.1,8.8-46,4.9-89.2-8.7-127.5-8.7-24-21.1-46.1-36.6-65.7-31.9-40.2-76.9-69.8-128.7-84.1-11.9-3-24.1-7.8-36.5-8.9-5.3-.4-8.8-1.6-14.8-1.6\"><\/path><path class=\"cls-1\" d=\"m250,0C112.2,0,0,112.1,0,250s112.2,250,250,250,250-112.2,250-250S387.9,0,250,0ZM12.7,250c0-94.2,55.2-175.8,134.9-214.1-2.1,4.2-4,8.4-6,12.6-7.4,14.7-13.7,30.1-17.2,46.3-6.3,27.9-3.5,57.5,7.1,84,8.7,21.5,23,40.6,40.8,55.5,14.5,12,31.7,21.1,50,26,12.5,3.3,25.5,4.6,38.2,6.1,24.6,2.9,47.6,14.4,65,31.9,24,23.1,35.8,56.8,34.8,89.9-.6,16.8-5.4,33.9-13.4,49-4.9,9.2-10.7,18.1-17.5,26-3.9,4.4-13,10.5-19.3,13.5-18.3,8.6-38.8,10.6-60,10.6-131,0-237.4-106.4-237.4-237.3Zm309.9,226c3.9-2.5,7.5-5.4,10.9-8.6,13.5-13.4,24.8-29,32.5-46.4,7.5-17,10.9-35.7,10.1-54.3-.4-7.6-1.3-15.3-2.9-22.7-6.9-34.4-30.4-64.8-61.1-81.7-15.4-8.5-32.7-13.2-50.1-14.3-14.8-.8-29.5-.9-43.9-4.5-24.4-6.1-45.9-19.8-62.1-39-15.9-18.6-25.2-42.3-27.4-66.6-2-20.9,1.9-42.1,10-61.3,3.3-8.1,7.5-15.9,11.9-23.5,4.3-7.5,8-16.9,13.2-23.7.6-.8,2.9-1.7,5.1-2.6,25.3-9.2,52.6-14.3,81.1-14.3,130.9,0,237.3,106.5,237.3,237.3.1,105.7-69.1,195.4-164.6,226.2Z\"><\/path><\/svg>\t\t\t\t\t\t<\/span>\n\t\t\t\t\t\t\t\t\t\t<span class=\"elementor-icon-list-text\">Analizujemy wp\u0142yw przedsi\u0119wzi\u0119\u0107 na \u015brodowisko,<\/span>\n\t\t\t\t\t\t\t\t\t<\/li>\n\t\t\t\t\t\t\t\t<li class=\"elementor-icon-list-item\">\n\t\t\t\t\t\t\t\t\t\t\t<span class=\"elementor-icon-list-icon\">\n\t\t\t\t\t\t\t<svg xmlns=\"http:\/\/www.w3.org\/2000\/svg\" id=\"Warstwa_1\" viewBox=\"0 0 500 500\"><defs><style>.cls-1{fill:#fff;}.cls-2{fill:#bcdaf3;}.cls-3{fill:#7dbeea;}.cls-4{fill:#5baf43;}.cls-5{fill:#b4ddf6;}.cls-6{fill:#8cbf4d;}<\/style><\/defs><path class=\"cls-6\" d=\"m10.4,247.4c0,132.3,107.3,239.6,239.6,239.6s239.6-107.3,239.6-239.6S382.3,7.7,250,7.7,10.4,115,10.4,247.4\"><\/path><path class=\"cls-5\" d=\"m255.9,492.3c13.3,0,18.3,1.3,40.3-4.7,14.6-4,29.7-13.3,41.7-27.3,28.8-33.7,40.1-71,30-114.4-5.8-25.2-19.1-46.2-38.5-62.9-18.9-16.3-41-25.4-66-27.5-15.1-1.3-30.4-2.2-45-6.8-17.8-5.6-33.7-14.6-47.5-27.1-17.5-16-30.2-35.3-37-58-11.8-39.3-5.3-75.6,14.2-111.7,7.3-13.5,10.4-22.1,21-34.6C73.2,49.8,12.9,142.5,12.9,249.3c0,134.2,108.8,243,243,243\"><\/path><path class=\"cls-3\" d=\"m151.9,32c-4.5,2.4-11,5.7-18.9,10.5-11.1,7-22.5,11.3-32.2,20.1-6.4,5.8-15.6,13.4-21.2,19.9-14.1,16.6-29.8,31.4-41.8,59.7-.1.2-10.4,19.7-10.5,19.9-14.2,35.8-18.7,70.9-16,109.4,7.8,82.8,65.8,173.7,134.5,194.1,6.5,1.9,11.6,8.2,18.2,7.8,3.2-.2,6.2,1.4,9.1,2.6,28.9,11.7,41.3,11.1,62.1,14.1,4.7.7,19.5.9,25.6,1,.9,0,1.8,0,2.6-.1-5-4.6-220.2-206-168.2-370.4,15.4-48.2,52.7-83,56.7-88.6\"><\/path><path class=\"cls-2\" d=\"m263.6,491c-.9,0-1.8,0-2.6.1,1.6,0,2.7,0,2.6-.1.1.1,0,.1,0,0M100.9,62.7c9.6-8.9,21.1-13.2,32.2-20.2\"><\/path><path class=\"cls-4\" d=\"m263.3,9.6c-22.3,0-79.6-3.3-109.4,13.3,0,0,297.1,82.6,277.5,278.8-1.4,14.4-40.9,140.5-89.8,165.9-.3.2-18.4,8.4-18.7,8.5,9.1-1.3,37.7-14.7,46.3-20.1,13.6-8.5,29.7-17.2,45.2-30.5,29.4-25.4,52.8-58.8,66.6-99.5,2.9-8.9,5.3-18.2,7.2-28.1,8.8-46,4.9-89.2-8.7-127.5-8.7-24-21.1-46.1-36.6-65.7-31.9-40.2-76.9-69.8-128.7-84.1-11.9-3-24.1-7.8-36.5-8.9-5.3-.4-8.8-1.6-14.8-1.6\"><\/path><path class=\"cls-1\" d=\"m250,0C112.2,0,0,112.1,0,250s112.2,250,250,250,250-112.2,250-250S387.9,0,250,0ZM12.7,250c0-94.2,55.2-175.8,134.9-214.1-2.1,4.2-4,8.4-6,12.6-7.4,14.7-13.7,30.1-17.2,46.3-6.3,27.9-3.5,57.5,7.1,84,8.7,21.5,23,40.6,40.8,55.5,14.5,12,31.7,21.1,50,26,12.5,3.3,25.5,4.6,38.2,6.1,24.6,2.9,47.6,14.4,65,31.9,24,23.1,35.8,56.8,34.8,89.9-.6,16.8-5.4,33.9-13.4,49-4.9,9.2-10.7,18.1-17.5,26-3.9,4.4-13,10.5-19.3,13.5-18.3,8.6-38.8,10.6-60,10.6-131,0-237.4-106.4-237.4-237.3Zm309.9,226c3.9-2.5,7.5-5.4,10.9-8.6,13.5-13.4,24.8-29,32.5-46.4,7.5-17,10.9-35.7,10.1-54.3-.4-7.6-1.3-15.3-2.9-22.7-6.9-34.4-30.4-64.8-61.1-81.7-15.4-8.5-32.7-13.2-50.1-14.3-14.8-.8-29.5-.9-43.9-4.5-24.4-6.1-45.9-19.8-62.1-39-15.9-18.6-25.2-42.3-27.4-66.6-2-20.9,1.9-42.1,10-61.3,3.3-8.1,7.5-15.9,11.9-23.5,4.3-7.5,8-16.9,13.2-23.7.6-.8,2.9-1.7,5.1-2.6,25.3-9.2,52.6-14.3,81.1-14.3,130.9,0,237.3,106.5,237.3,237.3.1,105.7-69.1,195.4-164.6,226.2Z\"><\/path><\/svg>\t\t\t\t\t\t<\/span>\n\t\t\t\t\t\t\t\t\t\t<span class=\"elementor-icon-list-text\">Prowadzimy analizy przedsi\u0119wzi\u0119\u0107 pod k\u0105tem wodnoprawnym,<\/span>\n\t\t\t\t\t\t\t\t\t<\/li>\n\t\t\t\t\t\t\t\t<li class=\"elementor-icon-list-item\">\n\t\t\t\t\t\t\t\t\t\t\t<span class=\"elementor-icon-list-icon\">\n\t\t\t\t\t\t\t<svg xmlns=\"http:\/\/www.w3.org\/2000\/svg\" id=\"Warstwa_1\" viewBox=\"0 0 500 500\"><defs><style>.cls-1{fill:#fff;}.cls-2{fill:#bcdaf3;}.cls-3{fill:#7dbeea;}.cls-4{fill:#5baf43;}.cls-5{fill:#b4ddf6;}.cls-6{fill:#8cbf4d;}<\/style><\/defs><path class=\"cls-6\" d=\"m10.4,247.4c0,132.3,107.3,239.6,239.6,239.6s239.6-107.3,239.6-239.6S382.3,7.7,250,7.7,10.4,115,10.4,247.4\"><\/path><path class=\"cls-5\" d=\"m255.9,492.3c13.3,0,18.3,1.3,40.3-4.7,14.6-4,29.7-13.3,41.7-27.3,28.8-33.7,40.1-71,30-114.4-5.8-25.2-19.1-46.2-38.5-62.9-18.9-16.3-41-25.4-66-27.5-15.1-1.3-30.4-2.2-45-6.8-17.8-5.6-33.7-14.6-47.5-27.1-17.5-16-30.2-35.3-37-58-11.8-39.3-5.3-75.6,14.2-111.7,7.3-13.5,10.4-22.1,21-34.6C73.2,49.8,12.9,142.5,12.9,249.3c0,134.2,108.8,243,243,243\"><\/path><path class=\"cls-3\" d=\"m151.9,32c-4.5,2.4-11,5.7-18.9,10.5-11.1,7-22.5,11.3-32.2,20.1-6.4,5.8-15.6,13.4-21.2,19.9-14.1,16.6-29.8,31.4-41.8,59.7-.1.2-10.4,19.7-10.5,19.9-14.2,35.8-18.7,70.9-16,109.4,7.8,82.8,65.8,173.7,134.5,194.1,6.5,1.9,11.6,8.2,18.2,7.8,3.2-.2,6.2,1.4,9.1,2.6,28.9,11.7,41.3,11.1,62.1,14.1,4.7.7,19.5.9,25.6,1,.9,0,1.8,0,2.6-.1-5-4.6-220.2-206-168.2-370.4,15.4-48.2,52.7-83,56.7-88.6\"><\/path><path class=\"cls-2\" d=\"m263.6,491c-.9,0-1.8,0-2.6.1,1.6,0,2.7,0,2.6-.1.1.1,0,.1,0,0M100.9,62.7c9.6-8.9,21.1-13.2,32.2-20.2\"><\/path><path class=\"cls-4\" d=\"m263.3,9.6c-22.3,0-79.6-3.3-109.4,13.3,0,0,297.1,82.6,277.5,278.8-1.4,14.4-40.9,140.5-89.8,165.9-.3.2-18.4,8.4-18.7,8.5,9.1-1.3,37.7-14.7,46.3-20.1,13.6-8.5,29.7-17.2,45.2-30.5,29.4-25.4,52.8-58.8,66.6-99.5,2.9-8.9,5.3-18.2,7.2-28.1,8.8-46,4.9-89.2-8.7-127.5-8.7-24-21.1-46.1-36.6-65.7-31.9-40.2-76.9-69.8-128.7-84.1-11.9-3-24.1-7.8-36.5-8.9-5.3-.4-8.8-1.6-14.8-1.6\"><\/path><path class=\"cls-1\" d=\"m250,0C112.2,0,0,112.1,0,250s112.2,250,250,250,250-112.2,250-250S387.9,0,250,0ZM12.7,250c0-94.2,55.2-175.8,134.9-214.1-2.1,4.2-4,8.4-6,12.6-7.4,14.7-13.7,30.1-17.2,46.3-6.3,27.9-3.5,57.5,7.1,84,8.7,21.5,23,40.6,40.8,55.5,14.5,12,31.7,21.1,50,26,12.5,3.3,25.5,4.6,38.2,6.1,24.6,2.9,47.6,14.4,65,31.9,24,23.1,35.8,56.8,34.8,89.9-.6,16.8-5.4,33.9-13.4,49-4.9,9.2-10.7,18.1-17.5,26-3.9,4.4-13,10.5-19.3,13.5-18.3,8.6-38.8,10.6-60,10.6-131,0-237.4-106.4-237.4-237.3Zm309.9,226c3.9-2.5,7.5-5.4,10.9-8.6,13.5-13.4,24.8-29,32.5-46.4,7.5-17,10.9-35.7,10.1-54.3-.4-7.6-1.3-15.3-2.9-22.7-6.9-34.4-30.4-64.8-61.1-81.7-15.4-8.5-32.7-13.2-50.1-14.3-14.8-.8-29.5-.9-43.9-4.5-24.4-6.1-45.9-19.8-62.1-39-15.9-18.6-25.2-42.3-27.4-66.6-2-20.9,1.9-42.1,10-61.3,3.3-8.1,7.5-15.9,11.9-23.5,4.3-7.5,8-16.9,13.2-23.7.6-.8,2.9-1.7,5.1-2.6,25.3-9.2,52.6-14.3,81.1-14.3,130.9,0,237.3,106.5,237.3,237.3.1,105.7-69.1,195.4-164.6,226.2Z\"><\/path><\/svg>\t\t\t\t\t\t<\/span>\n\t\t\t\t\t\t\t\t\t\t<span class=\"elementor-icon-list-text\">Realizujemy inwentaryzacje przyrodnicze oraz dendrologiczne,<\/span>\n\t\t\t\t\t\t\t\t\t<\/li>\n\t\t\t\t\t\t\t\t<li class=\"elementor-icon-list-item\">\n\t\t\t\t\t\t\t\t\t\t\t<span class=\"elementor-icon-list-icon\">\n\t\t\t\t\t\t\t<svg xmlns=\"http:\/\/www.w3.org\/2000\/svg\" id=\"Warstwa_1\" viewBox=\"0 0 500 500\"><defs><style>.cls-1{fill:#fff;}.cls-2{fill:#bcdaf3;}.cls-3{fill:#7dbeea;}.cls-4{fill:#5baf43;}.cls-5{fill:#b4ddf6;}.cls-6{fill:#8cbf4d;}<\/style><\/defs><path class=\"cls-6\" d=\"m10.4,247.4c0,132.3,107.3,239.6,239.6,239.6s239.6-107.3,239.6-239.6S382.3,7.7,250,7.7,10.4,115,10.4,247.4\"><\/path><path class=\"cls-5\" d=\"m255.9,492.3c13.3,0,18.3,1.3,40.3-4.7,14.6-4,29.7-13.3,41.7-27.3,28.8-33.7,40.1-71,30-114.4-5.8-25.2-19.1-46.2-38.5-62.9-18.9-16.3-41-25.4-66-27.5-15.1-1.3-30.4-2.2-45-6.8-17.8-5.6-33.7-14.6-47.5-27.1-17.5-16-30.2-35.3-37-58-11.8-39.3-5.3-75.6,14.2-111.7,7.3-13.5,10.4-22.1,21-34.6C73.2,49.8,12.9,142.5,12.9,249.3c0,134.2,108.8,243,243,243\"><\/path><path class=\"cls-3\" d=\"m151.9,32c-4.5,2.4-11,5.7-18.9,10.5-11.1,7-22.5,11.3-32.2,20.1-6.4,5.8-15.6,13.4-21.2,19.9-14.1,16.6-29.8,31.4-41.8,59.7-.1.2-10.4,19.7-10.5,19.9-14.2,35.8-18.7,70.9-16,109.4,7.8,82.8,65.8,173.7,134.5,194.1,6.5,1.9,11.6,8.2,18.2,7.8,3.2-.2,6.2,1.4,9.1,2.6,28.9,11.7,41.3,11.1,62.1,14.1,4.7.7,19.5.9,25.6,1,.9,0,1.8,0,2.6-.1-5-4.6-220.2-206-168.2-370.4,15.4-48.2,52.7-83,56.7-88.6\"><\/path><path class=\"cls-2\" d=\"m263.6,491c-.9,0-1.8,0-2.6.1,1.6,0,2.7,0,2.6-.1.1.1,0,.1,0,0M100.9,62.7c9.6-8.9,21.1-13.2,32.2-20.2\"><\/path><path class=\"cls-4\" d=\"m263.3,9.6c-22.3,0-79.6-3.3-109.4,13.3,0,0,297.1,82.6,277.5,278.8-1.4,14.4-40.9,140.5-89.8,165.9-.3.2-18.4,8.4-18.7,8.5,9.1-1.3,37.7-14.7,46.3-20.1,13.6-8.5,29.7-17.2,45.2-30.5,29.4-25.4,52.8-58.8,66.6-99.5,2.9-8.9,5.3-18.2,7.2-28.1,8.8-46,4.9-89.2-8.7-127.5-8.7-24-21.1-46.1-36.6-65.7-31.9-40.2-76.9-69.8-128.7-84.1-11.9-3-24.1-7.8-36.5-8.9-5.3-.4-8.8-1.6-14.8-1.6\"><\/path><path class=\"cls-1\" d=\"m250,0C112.2,0,0,112.1,0,250s112.2,250,250,250,250-112.2,250-250S387.9,0,250,0ZM12.7,250c0-94.2,55.2-175.8,134.9-214.1-2.1,4.2-4,8.4-6,12.6-7.4,14.7-13.7,30.1-17.2,46.3-6.3,27.9-3.5,57.5,7.1,84,8.7,21.5,23,40.6,40.8,55.5,14.5,12,31.7,21.1,50,26,12.5,3.3,25.5,4.6,38.2,6.1,24.6,2.9,47.6,14.4,65,31.9,24,23.1,35.8,56.8,34.8,89.9-.6,16.8-5.4,33.9-13.4,49-4.9,9.2-10.7,18.1-17.5,26-3.9,4.4-13,10.5-19.3,13.5-18.3,8.6-38.8,10.6-60,10.6-131,0-237.4-106.4-237.4-237.3Zm309.9,226c3.9-2.5,7.5-5.4,10.9-8.6,13.5-13.4,24.8-29,32.5-46.4,7.5-17,10.9-35.7,10.1-54.3-.4-7.6-1.3-15.3-2.9-22.7-6.9-34.4-30.4-64.8-61.1-81.7-15.4-8.5-32.7-13.2-50.1-14.3-14.8-.8-29.5-.9-43.9-4.5-24.4-6.1-45.9-19.8-62.1-39-15.9-18.6-25.2-42.3-27.4-66.6-2-20.9,1.9-42.1,10-61.3,3.3-8.1,7.5-15.9,11.9-23.5,4.3-7.5,8-16.9,13.2-23.7.6-.8,2.9-1.7,5.1-2.6,25.3-9.2,52.6-14.3,81.1-14.3,130.9,0,237.3,106.5,237.3,237.3.1,105.7-69.1,195.4-164.6,226.2Z\"><\/path><\/svg>\t\t\t\t\t\t<\/span>\n\t\t\t\t\t\t\t\t\t\t<span class=\"elementor-icon-list-text\">Prowadzimy przyrodniczy monitoring porealizacyjny,<\/span>\n\t\t\t\t\t\t\t\t\t<\/li>\n\t\t\t\t\t\t\t\t<li class=\"elementor-icon-list-item\">\n\t\t\t\t\t\t\t\t\t\t\t<span class=\"elementor-icon-list-icon\">\n\t\t\t\t\t\t\t<svg xmlns=\"http:\/\/www.w3.org\/2000\/svg\" id=\"Warstwa_1\" viewBox=\"0 0 500 500\"><defs><style>.cls-1{fill:#fff;}.cls-2{fill:#bcdaf3;}.cls-3{fill:#7dbeea;}.cls-4{fill:#5baf43;}.cls-5{fill:#b4ddf6;}.cls-6{fill:#8cbf4d;}<\/style><\/defs><path class=\"cls-6\" d=\"m10.4,247.4c0,132.3,107.3,239.6,239.6,239.6s239.6-107.3,239.6-239.6S382.3,7.7,250,7.7,10.4,115,10.4,247.4\"><\/path><path class=\"cls-5\" d=\"m255.9,492.3c13.3,0,18.3,1.3,40.3-4.7,14.6-4,29.7-13.3,41.7-27.3,28.8-33.7,40.1-71,30-114.4-5.8-25.2-19.1-46.2-38.5-62.9-18.9-16.3-41-25.4-66-27.5-15.1-1.3-30.4-2.2-45-6.8-17.8-5.6-33.7-14.6-47.5-27.1-17.5-16-30.2-35.3-37-58-11.8-39.3-5.3-75.6,14.2-111.7,7.3-13.5,10.4-22.1,21-34.6C73.2,49.8,12.9,142.5,12.9,249.3c0,134.2,108.8,243,243,243\"><\/path><path class=\"cls-3\" d=\"m151.9,32c-4.5,2.4-11,5.7-18.9,10.5-11.1,7-22.5,11.3-32.2,20.1-6.4,5.8-15.6,13.4-21.2,19.9-14.1,16.6-29.8,31.4-41.8,59.7-.1.2-10.4,19.7-10.5,19.9-14.2,35.8-18.7,70.9-16,109.4,7.8,82.8,65.8,173.7,134.5,194.1,6.5,1.9,11.6,8.2,18.2,7.8,3.2-.2,6.2,1.4,9.1,2.6,28.9,11.7,41.3,11.1,62.1,14.1,4.7.7,19.5.9,25.6,1,.9,0,1.8,0,2.6-.1-5-4.6-220.2-206-168.2-370.4,15.4-48.2,52.7-83,56.7-88.6\"><\/path><path class=\"cls-2\" d=\"m263.6,491c-.9,0-1.8,0-2.6.1,1.6,0,2.7,0,2.6-.1.1.1,0,.1,0,0M100.9,62.7c9.6-8.9,21.1-13.2,32.2-20.2\"><\/path><path class=\"cls-4\" d=\"m263.3,9.6c-22.3,0-79.6-3.3-109.4,13.3,0,0,297.1,82.6,277.5,278.8-1.4,14.4-40.9,140.5-89.8,165.9-.3.2-18.4,8.4-18.7,8.5,9.1-1.3,37.7-14.7,46.3-20.1,13.6-8.5,29.7-17.2,45.2-30.5,29.4-25.4,52.8-58.8,66.6-99.5,2.9-8.9,5.3-18.2,7.2-28.1,8.8-46,4.9-89.2-8.7-127.5-8.7-24-21.1-46.1-36.6-65.7-31.9-40.2-76.9-69.8-128.7-84.1-11.9-3-24.1-7.8-36.5-8.9-5.3-.4-8.8-1.6-14.8-1.6\"><\/path><path class=\"cls-1\" d=\"m250,0C112.2,0,0,112.1,0,250s112.2,250,250,250,250-112.2,250-250S387.9,0,250,0ZM12.7,250c0-94.2,55.2-175.8,134.9-214.1-2.1,4.2-4,8.4-6,12.6-7.4,14.7-13.7,30.1-17.2,46.3-6.3,27.9-3.5,57.5,7.1,84,8.7,21.5,23,40.6,40.8,55.5,14.5,12,31.7,21.1,50,26,12.5,3.3,25.5,4.6,38.2,6.1,24.6,2.9,47.6,14.4,65,31.9,24,23.1,35.8,56.8,34.8,89.9-.6,16.8-5.4,33.9-13.4,49-4.9,9.2-10.7,18.1-17.5,26-3.9,4.4-13,10.5-19.3,13.5-18.3,8.6-38.8,10.6-60,10.6-131,0-237.4-106.4-237.4-237.3Zm309.9,226c3.9-2.5,7.5-5.4,10.9-8.6,13.5-13.4,24.8-29,32.5-46.4,7.5-17,10.9-35.7,10.1-54.3-.4-7.6-1.3-15.3-2.9-22.7-6.9-34.4-30.4-64.8-61.1-81.7-15.4-8.5-32.7-13.2-50.1-14.3-14.8-.8-29.5-.9-43.9-4.5-24.4-6.1-45.9-19.8-62.1-39-15.9-18.6-25.2-42.3-27.4-66.6-2-20.9,1.9-42.1,10-61.3,3.3-8.1,7.5-15.9,11.9-23.5,4.3-7.5,8-16.9,13.2-23.7.6-.8,2.9-1.7,5.1-2.6,25.3-9.2,52.6-14.3,81.1-14.3,130.9,0,237.3,106.5,237.3,237.3.1,105.7-69.1,195.4-164.6,226.2Z\"><\/path><\/svg>\t\t\t\t\t\t<\/span>\n\t\t\t\t\t\t\t\t\t\t<span class=\"elementor-icon-list-text\">Pomagamy w zdobyciu niezb\u0119dnych pozwole\u0144 i zg\u00f3d w toku prowadzonej procedury inwestycyjnej i funkcjonowania podmiot\u00f3w gospodarczych \u2013 gospodarka odpadami, gospodarka wodno-\u015bciekowa, emisje;<\/span>\n\t\t\t\t\t\t\t\t\t<\/li>\n\t\t\t\t\t\t\t\t<li class=\"elementor-icon-list-item\">\n\t\t\t\t\t\t\t\t\t\t\t<span class=\"elementor-icon-list-icon\">\n\t\t\t\t\t\t\t<svg xmlns=\"http:\/\/www.w3.org\/2000\/svg\" id=\"Warstwa_1\" viewBox=\"0 0 500 500\"><defs><style>.cls-1{fill:#fff;}.cls-2{fill:#bcdaf3;}.cls-3{fill:#7dbeea;}.cls-4{fill:#5baf43;}.cls-5{fill:#b4ddf6;}.cls-6{fill:#8cbf4d;}<\/style><\/defs><path class=\"cls-6\" d=\"m10.4,247.4c0,132.3,107.3,239.6,239.6,239.6s239.6-107.3,239.6-239.6S382.3,7.7,250,7.7,10.4,115,10.4,247.4\"><\/path><path class=\"cls-5\" d=\"m255.9,492.3c13.3,0,18.3,1.3,40.3-4.7,14.6-4,29.7-13.3,41.7-27.3,28.8-33.7,40.1-71,30-114.4-5.8-25.2-19.1-46.2-38.5-62.9-18.9-16.3-41-25.4-66-27.5-15.1-1.3-30.4-2.2-45-6.8-17.8-5.6-33.7-14.6-47.5-27.1-17.5-16-30.2-35.3-37-58-11.8-39.3-5.3-75.6,14.2-111.7,7.3-13.5,10.4-22.1,21-34.6C73.2,49.8,12.9,142.5,12.9,249.3c0,134.2,108.8,243,243,243\"><\/path><path class=\"cls-3\" d=\"m151.9,32c-4.5,2.4-11,5.7-18.9,10.5-11.1,7-22.5,11.3-32.2,20.1-6.4,5.8-15.6,13.4-21.2,19.9-14.1,16.6-29.8,31.4-41.8,59.7-.1.2-10.4,19.7-10.5,19.9-14.2,35.8-18.7,70.9-16,109.4,7.8,82.8,65.8,173.7,134.5,194.1,6.5,1.9,11.6,8.2,18.2,7.8,3.2-.2,6.2,1.4,9.1,2.6,28.9,11.7,41.3,11.1,62.1,14.1,4.7.7,19.5.9,25.6,1,.9,0,1.8,0,2.6-.1-5-4.6-220.2-206-168.2-370.4,15.4-48.2,52.7-83,56.7-88.6\"><\/path><path class=\"cls-2\" d=\"m263.6,491c-.9,0-1.8,0-2.6.1,1.6,0,2.7,0,2.6-.1.1.1,0,.1,0,0M100.9,62.7c9.6-8.9,21.1-13.2,32.2-20.2\"><\/path><path class=\"cls-4\" d=\"m263.3,9.6c-22.3,0-79.6-3.3-109.4,13.3,0,0,297.1,82.6,277.5,278.8-1.4,14.4-40.9,140.5-89.8,165.9-.3.2-18.4,8.4-18.7,8.5,9.1-1.3,37.7-14.7,46.3-20.1,13.6-8.5,29.7-17.2,45.2-30.5,29.4-25.4,52.8-58.8,66.6-99.5,2.9-8.9,5.3-18.2,7.2-28.1,8.8-46,4.9-89.2-8.7-127.5-8.7-24-21.1-46.1-36.6-65.7-31.9-40.2-76.9-69.8-128.7-84.1-11.9-3-24.1-7.8-36.5-8.9-5.3-.4-8.8-1.6-14.8-1.6\"><\/path><path class=\"cls-1\" d=\"m250,0C112.2,0,0,112.1,0,250s112.2,250,250,250,250-112.2,250-250S387.9,0,250,0ZM12.7,250c0-94.2,55.2-175.8,134.9-214.1-2.1,4.2-4,8.4-6,12.6-7.4,14.7-13.7,30.1-17.2,46.3-6.3,27.9-3.5,57.5,7.1,84,8.7,21.5,23,40.6,40.8,55.5,14.5,12,31.7,21.1,50,26,12.5,3.3,25.5,4.6,38.2,6.1,24.6,2.9,47.6,14.4,65,31.9,24,23.1,35.8,56.8,34.8,89.9-.6,16.8-5.4,33.9-13.4,49-4.9,9.2-10.7,18.1-17.5,26-3.9,4.4-13,10.5-19.3,13.5-18.3,8.6-38.8,10.6-60,10.6-131,0-237.4-106.4-237.4-237.3Zm309.9,226c3.9-2.5,7.5-5.4,10.9-8.6,13.5-13.4,24.8-29,32.5-46.4,7.5-17,10.9-35.7,10.1-54.3-.4-7.6-1.3-15.3-2.9-22.7-6.9-34.4-30.4-64.8-61.1-81.7-15.4-8.5-32.7-13.2-50.1-14.3-14.8-.8-29.5-.9-43.9-4.5-24.4-6.1-45.9-19.8-62.1-39-15.9-18.6-25.2-42.3-27.4-66.6-2-20.9,1.9-42.1,10-61.3,3.3-8.1,7.5-15.9,11.9-23.5,4.3-7.5,8-16.9,13.2-23.7.6-.8,2.9-1.7,5.1-2.6,25.3-9.2,52.6-14.3,81.1-14.3,130.9,0,237.3,106.5,237.3,237.3.1,105.7-69.1,195.4-164.6,226.2Z\"><\/path><\/svg>\t\t\t\t\t\t<\/span>\n\t\t\t\t\t\t\t\t\t\t<span class=\"elementor-icon-list-text\">Analizujemy wp\u0142yw przedsi\u0119wzi\u0119\u0107 na \u015brodowisko,<\/span>\n\t\t\t\t\t\t\t\t\t<\/li>\n\t\t\t\t\t\t\t\t<li class=\"elementor-icon-list-item\">\n\t\t\t\t\t\t\t\t\t\t\t<span class=\"elementor-icon-list-icon\">\n\t\t\t\t\t\t\t<svg xmlns=\"http:\/\/www.w3.org\/2000\/svg\" id=\"Warstwa_1\" viewBox=\"0 0 500 500\"><defs><style>.cls-1{fill:#fff;}.cls-2{fill:#bcdaf3;}.cls-3{fill:#7dbeea;}.cls-4{fill:#5baf43;}.cls-5{fill:#b4ddf6;}.cls-6{fill:#8cbf4d;}<\/style><\/defs><path class=\"cls-6\" d=\"m10.4,247.4c0,132.3,107.3,239.6,239.6,239.6s239.6-107.3,239.6-239.6S382.3,7.7,250,7.7,10.4,115,10.4,247.4\"><\/path><path class=\"cls-5\" d=\"m255.9,492.3c13.3,0,18.3,1.3,40.3-4.7,14.6-4,29.7-13.3,41.7-27.3,28.8-33.7,40.1-71,30-114.4-5.8-25.2-19.1-46.2-38.5-62.9-18.9-16.3-41-25.4-66-27.5-15.1-1.3-30.4-2.2-45-6.8-17.8-5.6-33.7-14.6-47.5-27.1-17.5-16-30.2-35.3-37-58-11.8-39.3-5.3-75.6,14.2-111.7,7.3-13.5,10.4-22.1,21-34.6C73.2,49.8,12.9,142.5,12.9,249.3c0,134.2,108.8,243,243,243\"><\/path><path class=\"cls-3\" d=\"m151.9,32c-4.5,2.4-11,5.7-18.9,10.5-11.1,7-22.5,11.3-32.2,20.1-6.4,5.8-15.6,13.4-21.2,19.9-14.1,16.6-29.8,31.4-41.8,59.7-.1.2-10.4,19.7-10.5,19.9-14.2,35.8-18.7,70.9-16,109.4,7.8,82.8,65.8,173.7,134.5,194.1,6.5,1.9,11.6,8.2,18.2,7.8,3.2-.2,6.2,1.4,9.1,2.6,28.9,11.7,41.3,11.1,62.1,14.1,4.7.7,19.5.9,25.6,1,.9,0,1.8,0,2.6-.1-5-4.6-220.2-206-168.2-370.4,15.4-48.2,52.7-83,56.7-88.6\"><\/path><path class=\"cls-2\" d=\"m263.6,491c-.9,0-1.8,0-2.6.1,1.6,0,2.7,0,2.6-.1.1.1,0,.1,0,0M100.9,62.7c9.6-8.9,21.1-13.2,32.2-20.2\"><\/path><path class=\"cls-4\" d=\"m263.3,9.6c-22.3,0-79.6-3.3-109.4,13.3,0,0,297.1,82.6,277.5,278.8-1.4,14.4-40.9,140.5-89.8,165.9-.3.2-18.4,8.4-18.7,8.5,9.1-1.3,37.7-14.7,46.3-20.1,13.6-8.5,29.7-17.2,45.2-30.5,29.4-25.4,52.8-58.8,66.6-99.5,2.9-8.9,5.3-18.2,7.2-28.1,8.8-46,4.9-89.2-8.7-127.5-8.7-24-21.1-46.1-36.6-65.7-31.9-40.2-76.9-69.8-128.7-84.1-11.9-3-24.1-7.8-36.5-8.9-5.3-.4-8.8-1.6-14.8-1.6\"><\/path><path class=\"cls-1\" d=\"m250,0C112.2,0,0,112.1,0,250s112.2,250,250,250,250-112.2,250-250S387.9,0,250,0ZM12.7,250c0-94.2,55.2-175.8,134.9-214.1-2.1,4.2-4,8.4-6,12.6-7.4,14.7-13.7,30.1-17.2,46.3-6.3,27.9-3.5,57.5,7.1,84,8.7,21.5,23,40.6,40.8,55.5,14.5,12,31.7,21.1,50,26,12.5,3.3,25.5,4.6,38.2,6.1,24.6,2.9,47.6,14.4,65,31.9,24,23.1,35.8,56.8,34.8,89.9-.6,16.8-5.4,33.9-13.4,49-4.9,9.2-10.7,18.1-17.5,26-3.9,4.4-13,10.5-19.3,13.5-18.3,8.6-38.8,10.6-60,10.6-131,0-237.4-106.4-237.4-237.3Zm309.9,226c3.9-2.5,7.5-5.4,10.9-8.6,13.5-13.4,24.8-29,32.5-46.4,7.5-17,10.9-35.7,10.1-54.3-.4-7.6-1.3-15.3-2.9-22.7-6.9-34.4-30.4-64.8-61.1-81.7-15.4-8.5-32.7-13.2-50.1-14.3-14.8-.8-29.5-.9-43.9-4.5-24.4-6.1-45.9-19.8-62.1-39-15.9-18.6-25.2-42.3-27.4-66.6-2-20.9,1.9-42.1,10-61.3,3.3-8.1,7.5-15.9,11.9-23.5,4.3-7.5,8-16.9,13.2-23.7.6-.8,2.9-1.7,5.1-2.6,25.3-9.2,52.6-14.3,81.1-14.3,130.9,0,237.3,106.5,237.3,237.3.1,105.7-69.1,195.4-164.6,226.2Z\"><\/path><\/svg>\t\t\t\t\t\t<\/span>\n\t\t\t\t\t\t\t\t\t\t<span class=\"elementor-icon-list-text\">Analizujemy wp\u0142yw przedsi\u0119wzi\u0119\u0107 na \u015brodowisko,<\/span>\n\t\t\t\t\t\t\t\t\t<\/li>\n\t\t\t\t\t\t<\/ul>\n\t\t\t\t\t\t<\/div>\n\t\t\t\t<\/div>\n\t\t\t\t\t<\/div>\n\t\t<\/div>\n\t\t\t\t\t<\/div>\n\t\t<\/section>\n\t\t\t\t<\/div>\n\t\t","protected":false},"excerpt":{"rendered":"<p>O nAS Ochrona \u015brodowiska to nasz konik \u2013 pocz\u0105wszy od aspekt\u00f3w prawnych, po kwestie przyrodnicze i in\u017cynieryjne. Analizujemy wp\u0142yw przedsi\u0119wzi\u0119\u0107 na \u015brodowisko, Prowadzimy analizy przedsi\u0119wzi\u0119\u0107 pod k\u0105tem wodnoprawnym, Realizujemy inwentaryzacje przyrodnicze oraz dendrologiczne, Prowadzimy przyrodniczy monitoring porealizacyjny, Pomagamy w zdobyciu niezb\u0119dnych pozwole\u0144 i zg\u00f3d w toku prowadzonej procedury inwestycyjnej i funkcjonowania podmiot\u00f3w gospodarczych \u2013 gospodarka [&hellip;]<\/p>\n","protected":false},"author":2,"featured_media":0,"parent":0,"menu_order":0,"comment_status":"closed","ping_status":"closed","template":"elementor_header_footer","meta":{"footnotes":""},"class_list":["post-48","page","type-page","status-publish","hentry"],"_links":{"self":[{"href":"https:\/\/ecometric.pl\/en\/wp-json\/wp\/v2\/pages\/48","targetHints":{"allow":["GET"]}}],"collection":[{"href":"https:\/\/ecometric.pl\/en\/wp-json\/wp\/v2\/pages"}],"about":[{"href":"https:\/\/ecometric.pl\/en\/wp-json\/wp\/v2\/types\/page"}],"author":[{"embeddable":true,"href":"https:\/\/ecometric.pl\/en\/wp-json\/wp\/v2\/users\/2"}],"replies":[{"embeddable":true,"href":"https:\/\/ecometric.pl\/en\/wp-json\/wp\/v2\/comments?post=48"}],"version-history":[{"count":13,"href":"https:\/\/ecometric.pl\/en\/wp-json\/wp\/v2\/pages\/48\/revisions"}],"predecessor-version":[{"id":557,"href":"https:\/\/ecometric.pl\/en\/wp-json\/wp\/v2\/pages\/48\/revisions\/557"}],"wp:attachment":[{"href":"https:\/\/ecometric.pl\/en\/wp-json\/wp\/v2\/media?parent=48"}],"curies":[{"name":"wp","href":"https:\/\/api.w.org\/{rel}","templated":true}]}}